{"id":2611,"date":"2022-08-30T07:01:44","date_gmt":"2022-08-30T10:01:44","guid":{"rendered":"https:\/\/thepapahigh.com\/?page_id=2611"},"modified":"2022-08-30T07:14:51","modified_gmt":"2022-08-30T10:14:51","slug":"politica-de-privacidade","status":"publish","type":"page","link":"https:\/\/thepapahigh.com\/pt\/politica-de-privacidade\/","title":{"rendered":"Pol\u00edtica de Privacidade"},"content":{"rendered":"<div data-elementor-type=\"wp-page\" data-elementor-id=\"2611\" class=\"elementor elementor-2611\" data-elementor-settings=\"{&quot;element_pack_global_tooltip_width&quot;:{&quot;unit&quot;:&quot;px&quot;,&quot;size&quot;:&quot;&quot;,&quot;sizes&quot;:[]},&quot;element_pack_global_tooltip_width_tablet&quot;:{&quot;unit&quot;:&quot;px&quot;,&quot;size&quot;:&quot;&quot;,&quot;sizes&quot;:[]},&quot;element_pack_global_tooltip_width_mobile&quot;:{&quot;unit&quot;:&quot;px&quot;,&quot;size&quot;:&quot;&quot;,&quot;sizes&quot;:[]},&quot;element_pack_global_tooltip_padding&quot;:{&quot;unit&quot;:&quot;px&quot;,&quot;top&quot;:&quot;&quot;,&quot;right&quot;:&quot;&quot;,&quot;bottom&quot;:&quot;&quot;,&quot;left&quot;:&quot;&quot;,&quot;isLinked&quot;:true},&quot;element_pack_global_tooltip_padding_tablet&quot;:{&quot;unit&quot;:&quot;px&quot;,&quot;top&quot;:&quot;&quot;,&quot;right&quot;:&quot;&quot;,&quot;bottom&quot;:&quot;&quot;,&quot;left&quot;:&quot;&quot;,&quot;isLinked&quot;:true},&quot;element_pack_global_tooltip_padding_mobile&quot;:{&quot;unit&quot;:&quot;px&quot;,&quot;top&quot;:&quot;&quot;,&quot;right&quot;:&quot;&quot;,&quot;bottom&quot;:&quot;&quot;,&quot;left&quot;:&quot;&quot;,&quot;isLinked&quot;:true},&quot;element_pack_global_tooltip_border_radius&quot;:{&quot;unit&quot;:&quot;px&quot;,&quot;top&quot;:&quot;&quot;,&quot;right&quot;:&quot;&quot;,&quot;bottom&quot;:&quot;&quot;,&quot;left&quot;:&quot;&quot;,&quot;isLinked&quot;:true},&quot;element_pack_global_tooltip_border_radius_tablet&quot;:{&quot;unit&quot;:&quot;px&quot;,&quot;top&quot;:&quot;&quot;,&quot;right&quot;:&quot;&quot;,&quot;bottom&quot;:&quot;&quot;,&quot;left&quot;:&quot;&quot;,&quot;isLinked&quot;:true},&quot;element_pack_global_tooltip_border_radius_mobile&quot;:{&quot;unit&quot;:&quot;px&quot;,&quot;top&quot;:&quot;&quot;,&quot;right&quot;:&quot;&quot;,&quot;bottom&quot;:&quot;&quot;,&quot;left&quot;:&quot;&quot;,&quot;isLinked&quot;:true}}\" data-elementor-post-type=\"page\">\n\t\t\t\t\t\t<section class=\"has_ae_slider elementor-section elementor-top-section elementor-element elementor-element-de73c44 elementor-section-boxed elementor-section-height-default elementor-section-height-default ae-bg-gallery-type-default\" data-id=\"de73c44\" data-element_type=\"section\" data-settings=\"{&quot;background_background&quot;:&quot;classic&quot;}\">\n\t\t\t\t\t\t<div class=\"elementor-container elementor-column-gap-default\">\n\t\t\t\t\t<div class=\"has_ae_slider elementor-column elementor-col-100 elementor-top-column elementor-element elementor-element-56eca3c ae-bg-gallery-type-default\" data-id=\"56eca3c\" data-element_type=\"column\">\n\t\t\t<div class=\"elementor-widget-wrap elementor-element-populated\">\n\t\t\t\t\t\t<div class=\"elementor-element elementor-element-73c7b26 elementor-widget elementor-widget-text-editor\" data-id=\"73c7b26\" data-element_type=\"widget\" data-widget_type=\"text-editor.default\">\n\t\t\t\t<div class=\"elementor-widget-container\">\n\t\t\t\t\t\t\t\t\t<h1>Pol\u00edtica de Privacidade<\/h1><p>A sua privacidade \u00e9 importante para n\u00f3s. \u00c9 pol\u00edtica do site The PapaHigh respeitar a sua privacidade em rela\u00e7\u00e3o a qualquer informa\u00e7\u00e3o sua que possamos coletar no site <span style=\"color: #b65fec;\"><a style=\"color: #b65fec;\" href=\"https:\/\/thepapahigh.com\/pt\/\" target=\"_blank\" rel=\"noopener\">The PapaHigh<\/a><\/span>, e outros sites que possu\u00edmos e operamos.<\/p><p>Trabalhamos com base na Lei de Prote\u00e7\u00e3o de Dados (13.709\/2018) que traz garantias de privacidade, confidencialidade, reten\u00e7\u00e3o, prote\u00e7\u00e3o aos direitos fundamentais de liberdade e o livre desenvolvimento da personalidade da pessoa. Al\u00e9m disso, respeitamos a Constitui\u00e7\u00e3o Federal da Rep\u00fablica Federativa do Brasil, o C\u00f3digo de Defesa do Consumidor (Lei 8.078\/90), Marco Civil da Internet (Lei 12.965\/14).<\/p><p>Solicitamos informa\u00e7\u00f5es pessoais apenas quando realmente precisamos delas para lhe fornecer um servi\u00e7o. Fazemo-lo por meios justos e legais, com o seu conhecimento e consentimento. Tamb\u00e9m informamos por que estamos coletando e como ser\u00e1 usado.<\/p><p>Deixamos claro o motivo que estamos coletando e como ser\u00e1 usado, pois tudo \u00e9 feito para correta administra\u00e7\u00e3o geral.<\/p><p>Apenas retemos as informa\u00e7\u00f5es coletadas pelo tempo necess\u00e1rio para fornecer o servi\u00e7o solicitado. Quando armazenamos dados, protegemos dentro de meios comercialmente aceit\u00e1veis pela legisla\u00e7\u00e3o atual para evitar perdas e roubos, bem como acesso, divulga\u00e7\u00e3o, c\u00f3pia, uso ou modifica\u00e7\u00e3o n\u00e3o autorizados.<\/p><p>N\u00e3o compartilhamos informa\u00e7\u00f5es de identifica\u00e7\u00e3o pessoal publicamente ou com terceiros, exceto por determina\u00e7\u00e3o judicial.<\/p><p>O nosso site pode ter links para sites externos que n\u00e3o s\u00e3o operados por n\u00f3s. Diante disto, n\u00e3o nos responsabilizamos por danos de terceiros. Esteja ciente de que n\u00e3o temos controle sobre o conte\u00fado e pr\u00e1ticas de sites de terceiros e n\u00e3o podemos aceitar responsabilidade por suas respectivas pol\u00edticas de privacidade.<\/p><p>Na qualidade de consumidor, voc\u00ea \u00e9 livre para recusar a nossa solicita\u00e7\u00e3o de informa\u00e7\u00f5es pessoais, entendendo que talvez n\u00e3o possamos fornecer alguns dos servi\u00e7os desejados.<\/p><p>O uso continuado de nosso site ser\u00e1 considerado como aceita\u00e7\u00e3o de nossas pr\u00e1ticas em torno de privacidade e informa\u00e7\u00f5es pessoais. Se voc\u00ea tiver alguma d\u00favida sobre como lidamos com dados do usu\u00e1rio e informa\u00e7\u00f5es pessoais, entre em contato conosco atrav\u00e9s <span style=\"color: #b65fec;\"><a style=\"color: #b65fec;\" href=\"https:\/\/thepapahigh.com\/pt\/contact\/\" target=\"_blank\" rel=\"noopener\">do nosso formul\u00e1rio<\/a><\/span>.<\/p><p>Nossa pol\u00edtica \u00e9 atualizada de forma constante.<\/p><p>Fica, desde j\u00e1, o titular de dados ciente que o conte\u00fado desta Pol\u00edtica de Privacidade pode ser alterado a crit\u00e9rio do site The PapaHigh, independente de aviso ou notifica\u00e7\u00e3o. Em caso de altera\u00e7\u00e3o, as modifica\u00e7\u00f5es produzem todos os efeitos a partir do momento da disponibiliza\u00e7\u00e3o no site.<\/p><p>O site The PapaHigh n\u00e3o se responsabiliza caso voc\u00ea venha utilizar seus dados de forma incorreta ou inver\u00eddica, ficando exclu\u00eddo de qualquer responsabilidade neste sentido.<\/p><h2>Compromisso do Usu\u00e1rio<\/h2><p>O usu\u00e1rio se compromete a fazer uso adequado dos conte\u00fados e da informa\u00e7\u00e3o que o site The PapaHigh oferece e com car\u00e1ter enunciativo, mas n\u00e3o limitativo:<\/p><p>A) N\u00e3o se envolver em atividades que sejam ilegais ou contr\u00e1rias \u00e0 boa f\u00e9 e \u00e0 ordem p\u00fablica;<\/p><p>B) Respeito a todas as legisla\u00e7\u00f5es nacionais ou internacionais em que o Brasil \u00e9 signat\u00e1rio;<\/p><p>C) N\u00e3o difundir propaganda ou conte\u00fado de natureza racista, xenof\u00f3bica, casas de apostas, jogos de sorte e azar, qualquer tipo de pornografia ilegal, de apologia ao terrorismo ou contra os direitos humanos;<\/p><p>D) N\u00e3o causar danos aos sistemas f\u00edsicos (hardwares) e l\u00f3gicos (softwares) do site The PapaHigh, de seus fornecedores ou terceiros, para introduzir ou disseminar v\u00edrus inform\u00e1ticos ou quaisquer outros sistemas de hardware ou software que sejam capazes de causar danos anteriormente mencionados;<\/p><p>E) Os conte\u00fados publicados, possuem direitos autorais e de propriedade intelectual reservados, conforme estabelece a Lei de Direitos Autorais n. 9.610, de 19.2.1998 do Governo Federal Brasileiro e correlatas. Qualquer infring\u00eancia, ser\u00e3o comunicados \u00e0s autoridades competentes.<\/p><h2>Direitos do titular de dados<\/h2><p>O titular de dados pessoais possui o direito de solicitar do site The PapaHigh, atrav\u00e9s do canal espec\u00edfico de tratamento, a qualquer momento, mediante requisi\u00e7\u00e3o formal, informa\u00e7\u00f5es referentes aos seus dados.<\/p><p>Os pedidos ser\u00e3o analisados conforme previsto em legisla\u00e7\u00e3o vigente dentro de um prazo de 72 horas, salvo determina\u00e7\u00e3o legal e\/ou objeto de lei.<\/p><p>Os titulares de dados, segundo o texto da LGPD, podem exercer os seus direitos por meio de:<\/p><ul><li>Confirma\u00e7\u00e3o da exist\u00eancia de tratamento;<\/li><li>Acesso aos seus dados pessoais;<\/li><li>Corre\u00e7\u00e3o de dados incompletos, inexatos ou desatualizados;<\/li><li>Anonimiza\u00e7\u00e3o, bloqueio ou elimina\u00e7\u00e3o de dados desnecess\u00e1rios, excessivos ou tratados em desconformidade com o disposto nesta Lei;<\/li><li>Portabilidade dos dados a outro fornecedor de servi\u00e7o ou produto, mediante requisi\u00e7\u00e3o expressa, de acordo com a regulamenta\u00e7\u00e3o da autoridade nacional, observados os segredos comercial e industrial;<\/li><li>Elimina\u00e7\u00e3o dos dados pessoais tratados com o consentimento do titular;<\/li><li>Informa\u00e7\u00e3o das entidades p\u00fablicas e privadas com as quais o controlador realizou uso compartilhado de dados;<\/li><li>Informa\u00e7\u00e3o sobre a possibilidade de n\u00e3o fornecer consentimento e sobre as consequ\u00eancias da negativa;<\/li><li>Revoga\u00e7\u00e3o do consentimento.<\/li><\/ul><h2>Como exercer os seus direitos de titular de dados?<\/h2><ul><li>Para alterar seus dados pessoais acesse a op\u00e7\u00e3o &#8220;Pol\u00edtica de Privacidade&#8221;;<\/li><li>Se n\u00e3o quiser receber nossas comunica\u00e7\u00f5es de marketing, pode cancelar os pr\u00f3ximos envios clicando no link enviado junto ao e-mail de marketing;<\/li><li>Para mudar suas prefer\u00eancias em rela\u00e7\u00e3o \u00e0s notifica\u00e7\u00f5es (incluindo as comunica\u00e7\u00f5es de marketing) acesse a op\u00e7\u00e3o &#8220;Pol\u00edtica de Privacidade&#8221;;<\/li><li>Para as demais solicita\u00e7\u00f5es em rela\u00e7\u00e3o aos direitos do titular de dados pessoais, entre em contato conosco atrav\u00e9s <a href=\"https:\/\/thepapahigh.com\/pt\/contact\/\" target=\"_blank\" rel=\"noopener\">do nosso formul\u00e1rio<\/a>;<\/li><\/ul><h2>Mais informa\u00e7\u00f5es<\/h2><p>Esperamos que esteja esclarecido e, como mencionado anteriormente, se houver algo que voc\u00ea n\u00e3o tem certeza se precisa ou n\u00e3o, geralmente \u00e9 mais seguro deixar os cookies ativados, caso interaja com um dos recursos que voc\u00ea usa em nosso site.<\/p><p>O site The PapaHigh empregar\u00e1 esfor\u00e7os para resguardar as informa\u00e7\u00f5es e dados coletados do usu\u00e1rio pelo site. Todavia, considerando que n\u00e3o h\u00e1 meio de transmiss\u00e3o e reten\u00e7\u00e3o de dados eletr\u00f4nicos plenamente eficaz e seguro, o site The PapaHigh n\u00e3o pode assegurar que terceiros n\u00e3o autorizados n\u00e3o logrem \u00eaxito no acesso indevido, eximindo-se de qualquer responsabilidade por danos e preju\u00edzos decorrentes da conduta de terceiros, ataques externos ao site como: v\u00edrus, invas\u00e3o ao banco de dados, v\u00edcios ou defeitos t\u00e9cnicos, assim como operacionais resultante da utiliza\u00e7\u00e3o do site e em raz\u00e3o de falhas de conex\u00e3o.<\/p>\t\t\t\t\t\t\t\t<\/div>\n\t\t\t\t<\/div>\n\t\t\t\t\t<\/div>\n\t\t<\/div>\n\t\t\t\t\t<\/div>\n\t\t<\/section>\n\t\t\t\t<\/div>","protected":false},"excerpt":{"rendered":"<p>Pol\u00edtica de Privacidade A sua privacidade \u00e9 importante para n\u00f3s. \u00c9 pol\u00edtica do site The PapaHigh respeitar a sua privacidade em rela\u00e7\u00e3o a qualquer informa\u00e7\u00e3o sua que possamos coletar no site The PapaHigh, e outros sites que possu\u00edmos e operamos. Trabalhamos com base na Lei de Prote\u00e7\u00e3o de Dados (13.709\/2018) que traz garantias de privacidade, [&hellip;]<\/p>\n","protected":false},"author":2,"featured_media":0,"parent":0,"menu_order":0,"comment_status":"closed","ping_status":"closed","template":"elementor_header_footer","meta":{"_acf_changed":false,"footnotes":""},"class_list":["post-2611","page","type-page","status-publish","hentry"],"acf":[],"yoast_head":"<!-- This site is optimized with the Yoast SEO plugin v27.5 - https:\/\/yoast.com\/product\/yoast-seo-wordpress\/ -->\n<title>Pol\u00edtica de Privacidade - Papa High<\/title>\n<meta name=\"robots\" content=\"index, follow, max-snippet:-1, max-image-preview:large, max-video-preview:-1\" \/>\n<link rel=\"canonical\" href=\"https:\/\/thepapahigh.com\/pt\/politica-de-privacidade\/\" \/>\n<meta property=\"og:locale\" content=\"pt_BR\" \/>\n<meta property=\"og:type\" content=\"article\" \/>\n<meta property=\"og:title\" content=\"Pol\u00edtica de Privacidade - Papa High\" \/>\n<meta property=\"og:description\" content=\"Pol\u00edtica de Privacidade A sua privacidade \u00e9 importante para n\u00f3s. \u00c9 pol\u00edtica do site The PapaHigh respeitar a sua privacidade em rela\u00e7\u00e3o a qualquer informa\u00e7\u00e3o sua que possamos coletar no site The PapaHigh, e outros sites que possu\u00edmos e operamos. Trabalhamos com base na Lei de Prote\u00e7\u00e3o de Dados (13.709\/2018) que traz garantias de privacidade, [&hellip;]\" \/>\n<meta property=\"og:url\" content=\"https:\/\/thepapahigh.com\/pt\/politica-de-privacidade\/\" \/>\n<meta property=\"og:site_name\" content=\"Papa High\" \/>\n<meta property=\"article:modified_time\" content=\"2022-08-30T10:14:51+00:00\" \/>\n<meta name=\"twitter:card\" content=\"summary_large_image\" \/>\n<meta name=\"twitter:label1\" content=\"Est. tempo de leitura\" \/>\n\t<meta name=\"twitter:data1\" content=\"6 minutos\" \/>\n<script type=\"application\/ld+json\" class=\"yoast-schema-graph\">{\"@context\":\"https:\\\/\\\/schema.org\",\"@graph\":[{\"@type\":\"WebPage\",\"@id\":\"https:\\\/\\\/thepapahigh.com\\\/politica-de-privacidade\\\/\",\"url\":\"https:\\\/\\\/thepapahigh.com\\\/politica-de-privacidade\\\/\",\"name\":\"Pol\u00edtica de Privacidade - Papa High\",\"isPartOf\":{\"@id\":\"https:\\\/\\\/thepapahigh.com\\\/#website\"},\"datePublished\":\"2022-08-30T10:01:44+00:00\",\"dateModified\":\"2022-08-30T10:14:51+00:00\",\"breadcrumb\":{\"@id\":\"https:\\\/\\\/thepapahigh.com\\\/politica-de-privacidade\\\/#breadcrumb\"},\"inLanguage\":\"pt-BR\",\"potentialAction\":[{\"@type\":\"ReadAction\",\"target\":[\"https:\\\/\\\/thepapahigh.com\\\/politica-de-privacidade\\\/\"]}]},{\"@type\":\"BreadcrumbList\",\"@id\":\"https:\\\/\\\/thepapahigh.com\\\/politica-de-privacidade\\\/#breadcrumb\",\"itemListElement\":[{\"@type\":\"ListItem\",\"position\":1,\"name\":\"In\u00edcio\",\"item\":\"https:\\\/\\\/thepapahigh.com\\\/\"},{\"@type\":\"ListItem\",\"position\":2,\"name\":\"Pol\u00edtica de Privacidade\"}]},{\"@type\":\"WebSite\",\"@id\":\"https:\\\/\\\/thepapahigh.com\\\/#website\",\"url\":\"https:\\\/\\\/thepapahigh.com\\\/\",\"name\":\"Papa High\",\"description\":\"\",\"publisher\":{\"@id\":\"https:\\\/\\\/thepapahigh.com\\\/#organization\"},\"potentialAction\":[{\"@type\":\"SearchAction\",\"target\":{\"@type\":\"EntryPoint\",\"urlTemplate\":\"https:\\\/\\\/thepapahigh.com\\\/?s={search_term_string}\"},\"query-input\":{\"@type\":\"PropertyValueSpecification\",\"valueRequired\":true,\"valueName\":\"search_term_string\"}}],\"inLanguage\":\"pt-BR\"},{\"@type\":\"Organization\",\"@id\":\"https:\\\/\\\/thepapahigh.com\\\/#organization\",\"name\":\"Papa High\",\"url\":\"https:\\\/\\\/thepapahigh.com\\\/\",\"logo\":{\"@type\":\"ImageObject\",\"inLanguage\":\"pt-BR\",\"@id\":\"https:\\\/\\\/thepapahigh.com\\\/#\\\/schema\\\/logo\\\/image\\\/\",\"url\":\"https:\\\/\\\/thepapahigh.com\\\/wp-content\\\/uploads\\\/2022\\\/03\\\/camada-0-1-183933.png\",\"contentUrl\":\"https:\\\/\\\/thepapahigh.com\\\/wp-content\\\/uploads\\\/2022\\\/03\\\/camada-0-1-183933.png\",\"width\":260,\"height\":35,\"caption\":\"Papa High\"},\"image\":{\"@id\":\"https:\\\/\\\/thepapahigh.com\\\/#\\\/schema\\\/logo\\\/image\\\/\"}}]}<\/script>\n<!-- \/ Yoast SEO plugin. -->","yoast_head_json":{"title":"Pol\u00edtica de Privacidade - Papa High","robots":{"index":"index","follow":"follow","max-snippet":"max-snippet:-1","max-image-preview":"max-image-preview:large","max-video-preview":"max-video-preview:-1"},"canonical":"https:\/\/thepapahigh.com\/pt\/politica-de-privacidade\/","og_locale":"pt_BR","og_type":"article","og_title":"Pol\u00edtica de Privacidade - Papa High","og_description":"Pol\u00edtica de Privacidade A sua privacidade \u00e9 importante para n\u00f3s. \u00c9 pol\u00edtica do site The PapaHigh respeitar a sua privacidade em rela\u00e7\u00e3o a qualquer informa\u00e7\u00e3o sua que possamos coletar no site The PapaHigh, e outros sites que possu\u00edmos e operamos. Trabalhamos com base na Lei de Prote\u00e7\u00e3o de Dados (13.709\/2018) que traz garantias de privacidade, [&hellip;]","og_url":"https:\/\/thepapahigh.com\/pt\/politica-de-privacidade\/","og_site_name":"Papa High","article_modified_time":"2022-08-30T10:14:51+00:00","twitter_card":"summary_large_image","twitter_misc":{"Est. tempo de leitura":"6 minutos"},"schema":{"@context":"https:\/\/schema.org","@graph":[{"@type":"WebPage","@id":"https:\/\/thepapahigh.com\/politica-de-privacidade\/","url":"https:\/\/thepapahigh.com\/politica-de-privacidade\/","name":"Pol\u00edtica de Privacidade - Papa High","isPartOf":{"@id":"https:\/\/thepapahigh.com\/#website"},"datePublished":"2022-08-30T10:01:44+00:00","dateModified":"2022-08-30T10:14:51+00:00","breadcrumb":{"@id":"https:\/\/thepapahigh.com\/politica-de-privacidade\/#breadcrumb"},"inLanguage":"pt-BR","potentialAction":[{"@type":"ReadAction","target":["https:\/\/thepapahigh.com\/politica-de-privacidade\/"]}]},{"@type":"BreadcrumbList","@id":"https:\/\/thepapahigh.com\/politica-de-privacidade\/#breadcrumb","itemListElement":[{"@type":"ListItem","position":1,"name":"In\u00edcio","item":"https:\/\/thepapahigh.com\/"},{"@type":"ListItem","position":2,"name":"Pol\u00edtica de Privacidade"}]},{"@type":"WebSite","@id":"https:\/\/thepapahigh.com\/#website","url":"https:\/\/thepapahigh.com\/","name":"Papa High","description":"","publisher":{"@id":"https:\/\/thepapahigh.com\/#organization"},"potentialAction":[{"@type":"SearchAction","target":{"@type":"EntryPoint","urlTemplate":"https:\/\/thepapahigh.com\/?s={search_term_string}"},"query-input":{"@type":"PropertyValueSpecification","valueRequired":true,"valueName":"search_term_string"}}],"inLanguage":"pt-BR"},{"@type":"Organization","@id":"https:\/\/thepapahigh.com\/#organization","name":"Papa High","url":"https:\/\/thepapahigh.com\/","logo":{"@type":"ImageObject","inLanguage":"pt-BR","@id":"https:\/\/thepapahigh.com\/#\/schema\/logo\/image\/","url":"https:\/\/thepapahigh.com\/wp-content\/uploads\/2022\/03\/camada-0-1-183933.png","contentUrl":"https:\/\/thepapahigh.com\/wp-content\/uploads\/2022\/03\/camada-0-1-183933.png","width":260,"height":35,"caption":"Papa High"},"image":{"@id":"https:\/\/thepapahigh.com\/#\/schema\/logo\/image\/"}}]}},"_links":{"self":[{"href":"https:\/\/thepapahigh.com\/pt\/wp-json\/wp\/v2\/pages\/2611","targetHints":{"allow":["GET"]}}],"collection":[{"href":"https:\/\/thepapahigh.com\/pt\/wp-json\/wp\/v2\/pages"}],"about":[{"href":"https:\/\/thepapahigh.com\/pt\/wp-json\/wp\/v2\/types\/page"}],"author":[{"embeddable":true,"href":"https:\/\/thepapahigh.com\/pt\/wp-json\/wp\/v2\/users\/2"}],"replies":[{"embeddable":true,"href":"https:\/\/thepapahigh.com\/pt\/wp-json\/wp\/v2\/comments?post=2611"}],"version-history":[{"count":5,"href":"https:\/\/thepapahigh.com\/pt\/wp-json\/wp\/v2\/pages\/2611\/revisions"}],"predecessor-version":[{"id":2622,"href":"https:\/\/thepapahigh.com\/pt\/wp-json\/wp\/v2\/pages\/2611\/revisions\/2622"}],"wp:attachment":[{"href":"https:\/\/thepapahigh.com\/pt\/wp-json\/wp\/v2\/media?parent=2611"}],"curies":[{"name":"wp","href":"https:\/\/api.w.org\/{rel}","templated":true}]}}