{"id":2776,"date":"2022-11-29T13:00:45","date_gmt":"2022-11-29T16:00:45","guid":{"rendered":"https:\/\/thepapahigh.com\/carrinho\/"},"modified":"2022-11-30T15:18:59","modified_gmt":"2022-11-30T18:18:59","slug":"cart","status":"publish","type":"page","link":"https:\/\/thepapahigh.com\/pt\/cart\/","title":{"rendered":"Cart"},"content":{"rendered":"<div data-elementor-type=\"wp-page\" data-elementor-id=\"2776\" class=\"elementor elementor-2776\" data-elementor-settings=\"{&quot;element_pack_global_tooltip_width&quot;:{&quot;unit&quot;:&quot;px&quot;,&quot;size&quot;:&quot;&quot;,&quot;sizes&quot;:[]},&quot;element_pack_global_tooltip_width_tablet&quot;:{&quot;unit&quot;:&quot;px&quot;,&quot;size&quot;:&quot;&quot;,&quot;sizes&quot;:[]},&quot;element_pack_global_tooltip_width_mobile&quot;:{&quot;unit&quot;:&quot;px&quot;,&quot;size&quot;:&quot;&quot;,&quot;sizes&quot;:[]},&quot;element_pack_global_tooltip_padding&quot;:{&quot;unit&quot;:&quot;px&quot;,&quot;top&quot;:&quot;&quot;,&quot;right&quot;:&quot;&quot;,&quot;bottom&quot;:&quot;&quot;,&quot;left&quot;:&quot;&quot;,&quot;isLinked&quot;:true},&quot;element_pack_global_tooltip_padding_tablet&quot;:{&quot;unit&quot;:&quot;px&quot;,&quot;top&quot;:&quot;&quot;,&quot;right&quot;:&quot;&quot;,&quot;bottom&quot;:&quot;&quot;,&quot;left&quot;:&quot;&quot;,&quot;isLinked&quot;:true},&quot;element_pack_global_tooltip_padding_mobile&quot;:{&quot;unit&quot;:&quot;px&quot;,&quot;top&quot;:&quot;&quot;,&quot;right&quot;:&quot;&quot;,&quot;bottom&quot;:&quot;&quot;,&quot;left&quot;:&quot;&quot;,&quot;isLinked&quot;:true},&quot;element_pack_global_tooltip_border_radius&quot;:{&quot;unit&quot;:&quot;px&quot;,&quot;top&quot;:&quot;&quot;,&quot;right&quot;:&quot;&quot;,&quot;bottom&quot;:&quot;&quot;,&quot;left&quot;:&quot;&quot;,&quot;isLinked&quot;:true},&quot;element_pack_global_tooltip_border_radius_tablet&quot;:{&quot;unit&quot;:&quot;px&quot;,&quot;top&quot;:&quot;&quot;,&quot;right&quot;:&quot;&quot;,&quot;bottom&quot;:&quot;&quot;,&quot;left&quot;:&quot;&quot;,&quot;isLinked&quot;:true},&quot;element_pack_global_tooltip_border_radius_mobile&quot;:{&quot;unit&quot;:&quot;px&quot;,&quot;top&quot;:&quot;&quot;,&quot;right&quot;:&quot;&quot;,&quot;bottom&quot;:&quot;&quot;,&quot;left&quot;:&quot;&quot;,&quot;isLinked&quot;:true}}\" data-elementor-post-type=\"page\">\n\t\t\t\t\t\t<section class=\"has_ae_slider elementor-section elementor-top-section elementor-element elementor-element-26965085 elementor-section-boxed elementor-section-height-default elementor-section-height-default ae-bg-gallery-type-default\" data-id=\"26965085\" data-element_type=\"section\" data-settings=\"{&quot;background_background&quot;:&quot;classic&quot;}\">\n\t\t\t\t\t\t<div class=\"elementor-container elementor-column-gap-default\">\n\t\t\t\t\t<div class=\"has_ae_slider elementor-column elementor-col-100 elementor-top-column elementor-element elementor-element-9dd91b8 ae-bg-gallery-type-default\" data-id=\"9dd91b8\" data-element_type=\"column\">\n\t\t\t<div class=\"elementor-widget-wrap elementor-element-populated\">\n\t\t\t\t\t\t<div class=\"elementor-element elementor-element-1292e1c elementor-widget elementor-widget-heading\" data-id=\"1292e1c\" data-element_type=\"widget\" data-widget_type=\"heading.default\">\n\t\t\t\t<div class=\"elementor-widget-container\">\n\t\t\t\t\t<h2 class=\"elementor-heading-title elementor-size-default\">Cart<\/h2>\t\t\t\t<\/div>\n\t\t\t\t<\/div>\n\t\t\t\t\t<\/div>\n\t\t<\/div>\n\t\t\t\t\t<\/div>\n\t\t<\/section>\n\t\t\t\t<\/div>","protected":false},"excerpt":{"rendered":"<p>Remover item Imagem de miniatura Produto Pre\u00e7o Quantidade Subtotal &times; Satin effect shirt &#36;150,00 Satin effect shirt quantidade &#36;900,00 &times; Black Glossy Mug Size: 11oz &#36;10,00 Black Glossy Mug &#8211; 11oz quantidade &#36;10,00 Apply coupon Cart Totals Subtotal &#36;910,00 Entrega Digite seu endere\u00e7o para ver as op\u00e7\u00f5es de entrega. Black Glossy Mug&lt;span&gt; &#8211; &lt;\/span&gt;11oz &times;1 [&hellip;]<\/p>\n","protected":false},"author":17,"featured_media":0,"parent":0,"menu_order":0,"comment_status":"closed","ping_status":"closed","template":"","meta":{"_acf_changed":false,"footnotes":""},"class_list":["post-2776","page","type-page","status-publish","hentry"],"acf":[],"yoast_head":"<!-- This site is optimized with the Yoast SEO plugin v27.3 - https:\/\/yoast.com\/product\/yoast-seo-wordpress\/ -->\n<title>Cart - Papa High<\/title>\n<meta name=\"robots\" content=\"index, follow, max-snippet:-1, max-image-preview:large, max-video-preview:-1\" \/>\n<link rel=\"canonical\" href=\"https:\/\/thepapahigh.com\/pt\/cart\/\" \/>\n<meta property=\"og:locale\" content=\"pt_BR\" \/>\n<meta property=\"og:type\" content=\"article\" \/>\n<meta property=\"og:title\" content=\"Cart - Papa High\" \/>\n<meta property=\"og:description\" content=\"Remover item Imagem de miniatura Produto Pre\u00e7o Quantidade Subtotal &times; Satin effect shirt &#036;150,00 Satin effect shirt quantidade &#036;900,00 &times; Black Glossy Mug Size: 11oz &#036;10,00 Black Glossy Mug &#8211; 11oz quantidade &#036;10,00 Apply coupon Cart Totals Subtotal &#036;910,00 Entrega Digite seu endere\u00e7o para ver as op\u00e7\u00f5es de entrega. Black Glossy Mug&lt;span&gt; &#8211; &lt;\/span&gt;11oz &times;1 [&hellip;]\" \/>\n<meta property=\"og:url\" content=\"https:\/\/thepapahigh.com\/pt\/cart\/\" \/>\n<meta property=\"og:site_name\" content=\"Papa High\" \/>\n<meta property=\"article:modified_time\" content=\"2022-11-30T18:18:59+00:00\" \/>\n<meta property=\"og:image\" content=\"https:\/\/thepapahigh.com\/wp-content\/uploads\/2022\/11\/4437043712_6_1_1-300x300.jpg\" \/>\n<meta name=\"twitter:card\" content=\"summary_large_image\" \/>\n<meta name=\"twitter:label1\" content=\"Est. tempo de leitura\" \/>\n\t<meta name=\"twitter:data1\" content=\"2 minutos\" \/>\n<script type=\"application\/ld+json\" class=\"yoast-schema-graph\">{\"@context\":\"https:\\\/\\\/schema.org\",\"@graph\":[{\"@type\":\"WebPage\",\"@id\":\"https:\\\/\\\/thepapahigh.com\\\/cart\\\/\",\"url\":\"https:\\\/\\\/thepapahigh.com\\\/cart\\\/\",\"name\":\"Cart - Papa High\",\"isPartOf\":{\"@id\":\"https:\\\/\\\/thepapahigh.com\\\/#website\"},\"primaryImageOfPage\":{\"@id\":\"https:\\\/\\\/thepapahigh.com\\\/cart\\\/#primaryimage\"},\"image\":{\"@id\":\"https:\\\/\\\/thepapahigh.com\\\/cart\\\/#primaryimage\"},\"thumbnailUrl\":\"https:\\\/\\\/thepapahigh.com\\\/wp-content\\\/uploads\\\/2022\\\/11\\\/4437043712_6_1_1-300x300.jpg\",\"datePublished\":\"2022-11-29T16:00:45+00:00\",\"dateModified\":\"2022-11-30T18:18:59+00:00\",\"breadcrumb\":{\"@id\":\"https:\\\/\\\/thepapahigh.com\\\/cart\\\/#breadcrumb\"},\"inLanguage\":\"pt-BR\",\"potentialAction\":[{\"@type\":\"ReadAction\",\"target\":[\"https:\\\/\\\/thepapahigh.com\\\/cart\\\/\"]}]},{\"@type\":\"ImageObject\",\"inLanguage\":\"pt-BR\",\"@id\":\"https:\\\/\\\/thepapahigh.com\\\/cart\\\/#primaryimage\",\"url\":\"https:\\\/\\\/thepapahigh.com\\\/wp-content\\\/uploads\\\/2022\\\/11\\\/4437043712_6_1_1-300x300.jpg\",\"contentUrl\":\"https:\\\/\\\/thepapahigh.com\\\/wp-content\\\/uploads\\\/2022\\\/11\\\/4437043712_6_1_1-300x300.jpg\"},{\"@type\":\"BreadcrumbList\",\"@id\":\"https:\\\/\\\/thepapahigh.com\\\/cart\\\/#breadcrumb\",\"itemListElement\":[{\"@type\":\"ListItem\",\"position\":1,\"name\":\"In\u00edcio\",\"item\":\"https:\\\/\\\/thepapahigh.com\\\/\"},{\"@type\":\"ListItem\",\"position\":2,\"name\":\"Cart\"}]},{\"@type\":\"WebSite\",\"@id\":\"https:\\\/\\\/thepapahigh.com\\\/#website\",\"url\":\"https:\\\/\\\/thepapahigh.com\\\/\",\"name\":\"Papa High\",\"description\":\"\",\"publisher\":{\"@id\":\"https:\\\/\\\/thepapahigh.com\\\/#organization\"},\"potentialAction\":[{\"@type\":\"SearchAction\",\"target\":{\"@type\":\"EntryPoint\",\"urlTemplate\":\"https:\\\/\\\/thepapahigh.com\\\/?s={search_term_string}\"},\"query-input\":{\"@type\":\"PropertyValueSpecification\",\"valueRequired\":true,\"valueName\":\"search_term_string\"}}],\"inLanguage\":\"pt-BR\"},{\"@type\":\"Organization\",\"@id\":\"https:\\\/\\\/thepapahigh.com\\\/#organization\",\"name\":\"Papa High\",\"url\":\"https:\\\/\\\/thepapahigh.com\\\/\",\"logo\":{\"@type\":\"ImageObject\",\"inLanguage\":\"pt-BR\",\"@id\":\"https:\\\/\\\/thepapahigh.com\\\/#\\\/schema\\\/logo\\\/image\\\/\",\"url\":\"https:\\\/\\\/thepapahigh.com\\\/wp-content\\\/uploads\\\/2022\\\/03\\\/camada-0-1-183933.png\",\"contentUrl\":\"https:\\\/\\\/thepapahigh.com\\\/wp-content\\\/uploads\\\/2022\\\/03\\\/camada-0-1-183933.png\",\"width\":260,\"height\":35,\"caption\":\"Papa High\"},\"image\":{\"@id\":\"https:\\\/\\\/thepapahigh.com\\\/#\\\/schema\\\/logo\\\/image\\\/\"}}]}<\/script>\n<!-- \/ Yoast SEO plugin. -->","yoast_head_json":{"title":"Cart - Papa High","robots":{"index":"index","follow":"follow","max-snippet":"max-snippet:-1","max-image-preview":"max-image-preview:large","max-video-preview":"max-video-preview:-1"},"canonical":"https:\/\/thepapahigh.com\/pt\/cart\/","og_locale":"pt_BR","og_type":"article","og_title":"Cart - Papa High","og_description":"Remover item Imagem de miniatura Produto Pre\u00e7o Quantidade Subtotal &times; Satin effect shirt &#36;150,00 Satin effect shirt quantidade &#36;900,00 &times; Black Glossy Mug Size: 11oz &#36;10,00 Black Glossy Mug &#8211; 11oz quantidade &#36;10,00 Apply coupon Cart Totals Subtotal &#36;910,00 Entrega Digite seu endere\u00e7o para ver as op\u00e7\u00f5es de entrega. Black Glossy Mug&lt;span&gt; &#8211; &lt;\/span&gt;11oz &times;1 [&hellip;]","og_url":"https:\/\/thepapahigh.com\/pt\/cart\/","og_site_name":"Papa High","article_modified_time":"2022-11-30T18:18:59+00:00","og_image":[{"url":"https:\/\/thepapahigh.com\/wp-content\/uploads\/2022\/11\/4437043712_6_1_1-300x300.jpg","type":"","width":"","height":""}],"twitter_card":"summary_large_image","twitter_misc":{"Est. tempo de leitura":"2 minutos"},"schema":{"@context":"https:\/\/schema.org","@graph":[{"@type":"WebPage","@id":"https:\/\/thepapahigh.com\/cart\/","url":"https:\/\/thepapahigh.com\/cart\/","name":"Cart - Papa High","isPartOf":{"@id":"https:\/\/thepapahigh.com\/#website"},"primaryImageOfPage":{"@id":"https:\/\/thepapahigh.com\/cart\/#primaryimage"},"image":{"@id":"https:\/\/thepapahigh.com\/cart\/#primaryimage"},"thumbnailUrl":"https:\/\/thepapahigh.com\/wp-content\/uploads\/2022\/11\/4437043712_6_1_1-300x300.jpg","datePublished":"2022-11-29T16:00:45+00:00","dateModified":"2022-11-30T18:18:59+00:00","breadcrumb":{"@id":"https:\/\/thepapahigh.com\/cart\/#breadcrumb"},"inLanguage":"pt-BR","potentialAction":[{"@type":"ReadAction","target":["https:\/\/thepapahigh.com\/cart\/"]}]},{"@type":"ImageObject","inLanguage":"pt-BR","@id":"https:\/\/thepapahigh.com\/cart\/#primaryimage","url":"https:\/\/thepapahigh.com\/wp-content\/uploads\/2022\/11\/4437043712_6_1_1-300x300.jpg","contentUrl":"https:\/\/thepapahigh.com\/wp-content\/uploads\/2022\/11\/4437043712_6_1_1-300x300.jpg"},{"@type":"BreadcrumbList","@id":"https:\/\/thepapahigh.com\/cart\/#breadcrumb","itemListElement":[{"@type":"ListItem","position":1,"name":"In\u00edcio","item":"https:\/\/thepapahigh.com\/"},{"@type":"ListItem","position":2,"name":"Cart"}]},{"@type":"WebSite","@id":"https:\/\/thepapahigh.com\/#website","url":"https:\/\/thepapahigh.com\/","name":"Papa High","description":"","publisher":{"@id":"https:\/\/thepapahigh.com\/#organization"},"potentialAction":[{"@type":"SearchAction","target":{"@type":"EntryPoint","urlTemplate":"https:\/\/thepapahigh.com\/?s={search_term_string}"},"query-input":{"@type":"PropertyValueSpecification","valueRequired":true,"valueName":"search_term_string"}}],"inLanguage":"pt-BR"},{"@type":"Organization","@id":"https:\/\/thepapahigh.com\/#organization","name":"Papa High","url":"https:\/\/thepapahigh.com\/","logo":{"@type":"ImageObject","inLanguage":"pt-BR","@id":"https:\/\/thepapahigh.com\/#\/schema\/logo\/image\/","url":"https:\/\/thepapahigh.com\/wp-content\/uploads\/2022\/03\/camada-0-1-183933.png","contentUrl":"https:\/\/thepapahigh.com\/wp-content\/uploads\/2022\/03\/camada-0-1-183933.png","width":260,"height":35,"caption":"Papa High"},"image":{"@id":"https:\/\/thepapahigh.com\/#\/schema\/logo\/image\/"}}]}},"_links":{"self":[{"href":"https:\/\/thepapahigh.com\/pt\/wp-json\/wp\/v2\/pages\/2776","targetHints":{"allow":["GET"]}}],"collection":[{"href":"https:\/\/thepapahigh.com\/pt\/wp-json\/wp\/v2\/pages"}],"about":[{"href":"https:\/\/thepapahigh.com\/pt\/wp-json\/wp\/v2\/types\/page"}],"author":[{"embeddable":true,"href":"https:\/\/thepapahigh.com\/pt\/wp-json\/wp\/v2\/users\/17"}],"replies":[{"embeddable":true,"href":"https:\/\/thepapahigh.com\/pt\/wp-json\/wp\/v2\/comments?post=2776"}],"version-history":[{"count":5,"href":"https:\/\/thepapahigh.com\/pt\/wp-json\/wp\/v2\/pages\/2776\/revisions"}],"predecessor-version":[{"id":3005,"href":"https:\/\/thepapahigh.com\/pt\/wp-json\/wp\/v2\/pages\/2776\/revisions\/3005"}],"wp:attachment":[{"href":"https:\/\/thepapahigh.com\/pt\/wp-json\/wp\/v2\/media?parent=2776"}],"curies":[{"name":"wp","href":"https:\/\/api.w.org\/{rel}","templated":true}]}}